{"id":224,"date":"2024-06-13T21:36:19","date_gmt":"2024-06-13T19:36:19","guid":{"rendered":"https:\/\/www.hostalcastelldefels.com\/politica-de-privacidad\/"},"modified":"2024-09-12T16:41:51","modified_gmt":"2024-09-12T14:41:51","slug":"politica-de-privacidad","status":"publish","type":"page","link":"https:\/\/www.hostalcastelldefels.com\/es\/politica-de-privacidad\/","title":{"rendered":"Pol\u00edtica de privacidad"},"content":{"rendered":"\n[et_pb_section fb_built=\u00bb1&#8243; admin_label=\u00bbHeader\u00bb _builder_version=\u00bb4.27.0&#8243; use_background_color_gradient=\u00bbon\u00bb background_color_gradient_type=\u00bbcircular\u00bb background_color_gradient_direction_radial=\u00bbtop left\u00bb background_color_gradient_stops=\u00bbrgba(255,255,255,0.89) 30%|rgba(255,255,255,0) 80%\u00bb background_color_gradient_overlays_image=\u00bbon\u00bb background_color_gradient_start=\u00bbrgba(255,255,255,0.89)\u00bb background_color_gradient_start_position=\u00bb30%\u00bb background_color_gradient_end=\u00bbrgba(255,255,255,0)\u00bb background_color_gradient_end_position=\u00bb80%\u00bb custom_padding=\u00bb4vw|0px|161px|0px|false|false\u00bb hover_enabled=\u00bb0&#8243; global_colors_info=\u00bb{}\u00bb background_enable_image=\u00bboff\u00bb sticky_enabled=\u00bb0&#8243;][et_pb_row _builder_version=\u00bb4.16&#8243; custom_margin=\u00bb|||\u00bb global_colors_info=\u00bb{}\u00bb custom_padding=\u00bb|||1px||\u00bb][et_pb_column type=\u00bb4_4&#8243; _builder_version=\u00bb4.16&#8243; custom_padding=\u00bb|||\u00bb global_colors_info=\u00bb{}\u00bb custom_padding__hover=\u00bb|||\u00bb][et_pb_text _builder_version=\u00bb4.27.0&#8243; text_font=\u00bb||||||||\u00bb header_font=\u00bbRaleway|700|||||||\u00bb header_font_size=\u00bb80px\u00bb header_line_height=\u00bb1.2em\u00bb header_5_font=\u00bbRaleway|700||on|||||\u00bb header_5_text_color=\u00bb#000000&#8243; header_5_font_size=\u00bb20px\u00bb header_5_letter_spacing=\u00bb0.5em\u00bb header_5_line_height=\u00bb1.8em\u00bb animation_style=\u00bbzoom\u00bb animation_intensity_zoom=\u00bb5%\u00bb hover_enabled=\u00bb0&#8243; header_font_size_tablet=\u00bb48px\u00bb header_font_size_phone=\u00bb32px\u00bb header_font_size_last_edited=\u00bbon|phone\u00bb header_5_font_size_tablet=\u00bb14px\u00bb header_5_font_size_phone=\u00bb12px\u00bb header_5_font_size_last_edited=\u00bbon|desktop\u00bb global_colors_info=\u00bb{}\u00bb sticky_enabled=\u00bb0&#8243;]<h5>Pol\u00edtica de privacidad<\/h5>\n<h1>Aviso legal<\/h1>\n<p><strong>INFORMACI\u00d3N LEGAL LSSIICE<\/strong><\/p>\n<p>De acuerdo con las obligaciones previstas en la Ley 34\/2002, de Servicios de la Sociedad de la Informaci\u00f3n y de Comercio Electr\u00f3nico (en adelante LSSICE), <span>XAVIER GUARDIOLA SERINYA<\/span> manifiesta que el dominio <a href=\"http:\/\/www.hostalcastellfeles.com\">www.hostalcastellfeles.com<\/a> es propiedad de <span>XAVIER GUARDIOLA SERINYA<\/span> , con DNI <span>38149273R,<\/span> y con domicilio en Calle Doctor Ferran 34, 08860 Castelldefels Espa\u00f1a.<\/p>\n<p><span>XAVIER GUARDIOLA SERINYA<\/span> no puede asumir responsabilidad alguna derivada del uso incorrecto, inadecuado o il\u00edcito de la informaci\u00f3n aparecida en sus p\u00e1ginas de Internet. Con los l\u00edmites establecidos en la ley, <\/p>\n<p><span>XAVIER GUARDIOLA SERINYA<\/span> no asume responsabilidad alguna derivada de la falta de veracidad, integridad, actualizaci\u00f3n y precisi\u00f3n de los datos o informaciones que se contienen en sus p\u00e1ginas de Internet.<\/p>\n<p>Los contenidos e informaci\u00f3n de las p\u00e1ginas de Internet de <span>XAVIER GUARDIOLA SERINYA<\/span> est\u00e1n elaboradas por profesionales debidamente cualificados para el ejercicio de su profesi\u00f3n. Sin embargo, los contenidos e informaci\u00f3n no vinculan a la citada corporaci\u00f3n ni constituyen opiniones, consejos o asesoramiento legal de ning\u00fan tipo, pues se trata meramente de un servicio ofrecido con car\u00e1cter informativo y divulgativo. Las p\u00e1ginas de Internet de <span>XAVIER GUARDIOLA SERINYA<\/span> pueden contener enlaces (links) a otras p\u00e1ginas de terceras partes. Por tanto, \u00e9sta no puede asumir responsabilidades por el contenido que pueda aparecer en p\u00e1ginas de terceros. Los textos, im\u00e1genes, sonidos, animaciones, software y dem\u00e1s contenidos incluidos en este website son propiedad exclusiva de <span>XAVIER GUARDIOLA SERINYA<\/span> o sus licenciantes. Cualquier acto de transmisi\u00f3n, distribuci\u00f3n, cesi\u00f3n, reproducci\u00f3n, almacenamiento o comunicaci\u00f3n p\u00fablica total o parcial, debe contar con el consentimiento expreso de <span>XAVIER GUARDIOLA SERINYA<\/span>.     <\/p>\n<p>De igual forma se reserva el derecho a retirar el acceso al Portal, sin necesidad de previo aviso, a cualquier usuario que contravenga lo dispuesto en este aviso legal.<\/p>\n<p><strong>PROTECCI\u00d3N DE DATOS PERSONALES<\/strong><\/p>\n<p>En virtud de la normativa de protecci\u00f3n de datos de car\u00e1cter personal, le hacemos conocedor de que sus datos personales, que pueden estar en esta comunicaci\u00f3n, est\u00e1n incorporados en el Archivo de \u201cContactos\u201d responsabilidad de <span>XAVIER GUARDIOLA SERINYA<\/span>, DNI <span>38149273R<\/span>.<\/p>\n<p>La finalidad de este tratamiento es llevar la gesti\u00f3n y control del correo electr\u00f3nico as\u00ed como la agenda de contactos y atender su petici\u00f3n. Estos datos no ser\u00e1n transmitidos a terceras personas y ser\u00e1n conservados siempre que sea imprescindible o leg\u00edtimo por la finalidad que se captaron. <\/p>\n<p>Conforme a lo dispuesto en la normativa mencionada, podr\u00e1 indicar la revocaci\u00f3n del consentimiento dado, as\u00ed como ejercitar los derechos de acceso, rectificaci\u00f3n o supresi\u00f3n, la limitaci\u00f3n del tratamiento u oponerse, as\u00ed como el derecho a la portabilidad de los datos. Estas peticiones tendr\u00e1n que realizarse en Calle Doctor Ferran 34, 08860 Castelldefels Espa\u00f1a, o bien, enviar un correo electr\u00f3nico a <a href=\"mailto:recepcion@hostalcastelldefels.com\">recepcion@hostalcastelldefels.com<\/a>. Asimismo tambi\u00e9n podr\u00e1 presentar una reclamaci\u00f3n ante la Agencia Espa\u00f1ola de Protecci\u00f3n de datos  <\/p>\n<p><strong>CONDICIONES DE USO DE RESERVAS Y COMPRAS ONLINE<\/strong><\/p>\n<p>Las presentes Condiciones Generales de Uso y Pol\u00edtica de Privacidad regulan el uso del sitio web <a href=\"http:\/\/www.hostalcastelldefels.com\">www.hostalcastelldefels.com<\/a> (en adelante \u201cel sitio Web\u201d) de la que <span>XAVIER GUARDIOLA SERINYA <\/span>es titular.<\/p>\n<p>A trav\u00e9s de su sitio web <a href=\"http:\/\/www.hostalcastelldefels.com\">www.hostalcastelldefels.com<\/a> se proporciona informaci\u00f3n sobre los servicios ofrecidos y ofrece la posibilidad de realizar reservas y la contrataci\u00f3n de otros servicios ofrecidos.<\/p>\n<p>En cualquier caso, existen p\u00e1ginas del Sitio Web accesibles a personas f\u00edsicas o jur\u00eddicas que no lleguen a registrarse ni inicien reserva alguna (en adelante \u201cUsuarios\u201d). En este sitio, los Usuarios que accedan a esta parte del Sitio Web aceptan y quedan sometidos en los t\u00e9rminos y condiciones recogidos en estas Condiciones generales, en la medida en que puedan ser de aplicaci\u00f3n. <\/p>\n<p>Se recomienda que se lea detenidamente las presentes condiciones de uso para participar, como usuario, de forma responsable y garantizar que se cumplen todas las condiciones expuestas a continuaci\u00f3n.<\/p>\n<p>Por la naturaleza del sitio Web, as\u00ed como su contenido y finalidad, la pr\u00e1ctica totalidad de la navegaci\u00f3n que se puede llevar a cabo por el mismo debe obtenerse la condici\u00f3n de Usuario, la cual una vez realizada la solicitud por su parte en <span>XAVIER GUARDIOLA SERINYA<\/span>; quien una vez solicitados los datos necesarios, le facilitar\u00e1 un nombre de usuario y contrase\u00f1a.<\/p>\n<p>Por tanto, la citada condici\u00f3n de USUARIO supone la adhesi\u00f3n a las Condiciones Generales en la versi\u00f3n publicada en el momento en que se accede al Sitio Web. <span>XAVIER GUARDIOLA SERINYA<\/span> se reserva el derecho de modificar, en cualquier momento, la presentaci\u00f3n y configuraci\u00f3n del Sitio Web, as\u00ed como las presentes Condiciones Generales. Por eso, se recomienda al Usuario leer el mismo atentamente cada vez que accede al Sitio Web. <\/p>\n<p>Al registrarse como Usuario, Usted se compromete a respetar todas las condiciones expuestas, y si no se encuentra de acuerdo con alguna de ellas, no se haya inscribirse como usuario de <span>XAVIER GUARDIOLA SERINYA<\/span> Por tanto, la aceptaci\u00f3n de estas condiciones supone la aceptaci\u00f3n por el usuario de todas ellas.<\/p>\n<p>El uso de la contrase\u00f1a es personal e intransferible, no estando permitida la cesi\u00f3n, ni siquiera temporal, a terceros. En tal sentido, el usuario se compromete a hacer un uso diligente ya mantener en secreto la misma, asumiendo toda responsabilidad por las consecuencias de su divulgaci\u00f3n a terceros. <\/p>\n<p>En el supuesto de que el usuario conozca o sospeche del uso de su contrase\u00f1a por terceros, deber\u00e1 notificarlo inmediatamente a <span>XAVIER GUARDIOLA SERINYA<\/span>, para que proceda a su modificaci\u00f3n inmediata, asimismo se le informa que Usted como usuario puede modificar en cualquier momento su contrase\u00f1a.<\/p>\n<p>Esta web dispone de una tienda online para poder realizar las compras por Internet. Para realizarlas no es necesario que sea dado el usuario se d\u00e9 de alta; si no que s\u00f3lo ser\u00e1 necesario rellenar el formulario de pedido online que consta en la propia web con sus datos, que ser\u00e1n tratados de conformidad con la normativa de protecci\u00f3n de datos y en los t\u00e9rminos detallados anteriormente. <\/p>\n<p>Una vez completado el formulario de pedido, \u00e9ste deber\u00e1 ser confirmado por <span>XAVIER GUARDIOLA SERINYA<\/span> mediante un correo de confirmaci\u00f3n del pedido y de verificaci\u00f3n del precio.<\/p>\n<p>El pedido podr\u00e1 ser abonado mediante el sistema de Pay Pal o por transferencia bancaria a favor de <span>XAVIER GUARDIOLA SERINYA<\/span>, quien confirmar\u00e1 en el per\u00edodo de 48 horas laborales de su correcta recepci\u00f3n.<\/p>\n<p>A partir de ese momento, el pedido ser\u00e1 preparado sin que se pueda realizar ning\u00fan tipo de modificaci\u00f3n de los datos comunicados previamente por la elaboraci\u00f3n de la factura correspondiente o entrega del pedido, a excepci\u00f3n de que el cliente se meta en contacto con <span>XAVIER GUARDIOLA SERINYA<\/span> y \u00e9ste verifique que \u00e9sta a\u00fan no ha sido enviada y puede ser modificada.<\/p>\n<p><strong>CONDICIONES DE ACCESO A LA WEB<\/strong><\/p>\n<p>Los equipos de acceso a los servicios de reserva on-line son elegidos por el usuario, as\u00ed como los costes de comunicaci\u00f3n ocasionados por su uso, sin que en ning\u00fan caso, pueda reclamarse a <span>XAVIER GUARDIOLA SERINYA<\/span> alg\u00fan tipo de compensaci\u00f3n por gastos .<\/p>\n<p>Asimismo el usuario se compromete a aceptar la ley aplicable, las Condiciones Generales de Uso del Sitio Web, la moral y buena costumbre generalmente aceptada y el orden p\u00fablico, oblig\u00e1ndose, en todo caso, a indemnizar a <span>XAVIER GUARDIOLA SERINYA<\/span> por cualquier da\u00f1o o perjuicio que pudiera ocasionar el uso de esta web, infringiendo \u00e9stas.<\/p>\n<p><span>XAVIER GUARDIOLA SERINYA<\/span> velar\u00e1 en todo momento por respeto del ordenamiento jur\u00eddico vigente, y est\u00e1 legitimada para interrumpir, a su \u00edntegra discreci\u00f3n, el Servicio o excluir al usuario del Sitio Web en caso de presunta comisi\u00f3n, completa o incompleta de alg\u00fan delito o falta tipificados por el C\u00f3digo Penal vigente, o en caso de observar cualquier conducta que a juicio de <span>XAVIER GUARDIOLA SERINYA<\/span> resulte contraria a estas Condiciones Generales, las Condiciones Generales de Contrataci\u00f3n que operan por este Sitio Web, las normas establecidas por <span>XAVIER GUARDIOLA SERINYA<\/span> o puedan perturbar el buen funcionamiento, imagen, credibilidad y\/o prestigio de <span>XAVIER GUARDIOLA SERINYA<\/span>.<\/p>\n<p><strong>PROPIEDAD INDUSTRIAL E INTELECTUAL<\/strong><\/p>\n<p>Esta web es propiedad de <span>XAVIER GUARDIOLA SERINYA<\/span>. Los derechos de Propiedad Intelectual y derechos de explotaci\u00f3n y reproducci\u00f3n de esta web, de sus p\u00e1ginas, pantallas, la Informaci\u00f3n que contienen, su apariencia y dise\u00f1o, as\u00ed como los v\u00ednculos ( \u00abhiperlinks\u00bb) que se establezcan desde ella a otras p\u00e1ginas web de cualquier centro adscritos u organismo dependiente, son propiedad exclusiva de la misma, salvo que expresamente se especifique otra cosa.<\/p>\n<p>Cualquier denominaci\u00f3n, dise\u00f1o y\/o logotipo, as\u00ed como cualquier producto o servicio ofrecidos y reflejados en esta p\u00e1gina web, son marcas debidamente registradas por <span>XAVIER GUARDIOLA SERINYA<\/span>, por sus sociedades filiales y\/o dominadas o por terceros.<\/p>\n<p>Cualquier uso indebido de las mismas por personas distintas de su leg\u00edtimo titular y sin el consentimiento expreso e inequ\u00edvoco por parte del mismo podr\u00e1 ser denunciado y perseguido a trav\u00e9s de todos los medios legales existentes en el Ordenamiento Jur\u00eddico espa\u00f1ol y\/o comunitario.<\/p>\n<p>Los derechos de propiedad intelectual y marcas de terceros est\u00e1n destacados convenientemente y deben ser respetados por todo aquel que acceda a esta p\u00e1gina, no siendo responsabilidad de <span>XAVIER GUARDIOLA SERINYA<\/span> el uso que EL USUARIO pueda llevar a cabo al respecto, recayendo la responsabilidad exclusiva en su persona.<\/p>\n<p>S\u00f3lo para uso personal y privado se permite descargar los contenidos, copiar o imprimir cualquier p\u00e1gina de esta Web. Queda prohibido reproducir, transmitir, modificar o suprimir la informaci\u00f3n, contenido o advertencias de esta web sin la previa autorizaci\u00f3n por escrito de <span>XAVIER GUARDIOLA SERINYA<\/span>. <\/p>\n<p><span>XAVIER GUARDIOLA SERINYA<\/span> no transfiere a los usuarios la propiedad de su software. El usuario Es el propietario del soporte en el que el software es grabado. <span>XAVIER GUARDIOLA SERINYA<\/span> posee todos los derechos de propiedad industrial e intelectual, incluyendo el sowftare. Si el usuario transfiere software de este website a su terminal, no podr\u00e1 diseccionar por su estudio y descompilarlo, traducir la versi\u00f3n del c\u00f3digo objeto original o su lenguaje a otro c\u00f3digo o lenguaje.  <\/p>\n<p><strong>LEY APLICABLE Y JURISDICCI\u00d3N<\/strong><\/p>\n<p>Las presentes condiciones generales se rigen por la Legislaci\u00f3n espa\u00f1ola, siendo competentes los Juzgados y Tribunales espa\u00f1oles para conocer de cuantas cuestiones se susciten sobre la interpretaci\u00f3n, aplicaci\u00f3n y cumplimiento de las mismas. El USUARIO, en virtud de su aceptaci\u00f3n a las condiciones generales recogidas en este aviso legal, renuncia expresamente a cualquier fuero que, por aplicaci\u00f3n de la Ley de Enjuiciamiento Civil vigente pudiera corresponderle. <\/p>[\/et_pb_text][\/et_pb_column][\/et_pb_row][\/et_pb_section]\n","protected":false},"excerpt":{"rendered":"<p>Pol\u00edtica de privacidad Aviso legal INFORMACI\u00d3N LEGAL LSSIICE De acuerdo con las obligaciones previstas en la Ley 34\/2002, de Servicios de la Sociedad de la Informaci\u00f3n y de Comercio Electr\u00f3nico (en adelante LSSICE), XAVIER GUARDIOLA SERINYA manifiesta que el dominio www.hostalcastellfeles.com es propiedad de XAVIER GUARDIOLA SERINYA , con DNI 38149273R, y con domicilio en [&hellip;]<\/p>\n","protected":false},"author":1,"featured_media":0,"parent":0,"menu_order":0,"comment_status":"closed","ping_status":"open","template":"","meta":{"_et_pb_use_builder":"on","_et_pb_old_content":"","_et_gb_content_width":"","_joinchat":[],"footnotes":""},"class_list":["post-224","page","type-page","status-publish","hentry"],"yoast_head":"<!-- This site is optimized with the Yoast SEO plugin v27.0 - https:\/\/yoast.com\/product\/yoast-seo-wordpress\/ -->\n<title>Pol\u00edtica de privacidad - Hostal Olimpia<\/title>\n<meta name=\"description\" content=\"Pol\u00edtica de privacidad y Aviso legal de la p\u00e1gina web del Hostal Olimpia de Castelldefels.\" \/>\n<meta name=\"robots\" content=\"index, follow, max-snippet:-1, max-image-preview:large, max-video-preview:-1\" \/>\n<link rel=\"canonical\" href=\"https:\/\/www.hostalcastelldefels.com\/es\/politica-de-privacidad\/\" \/>\n<meta property=\"og:locale\" content=\"es_ES\" \/>\n<meta property=\"og:type\" content=\"article\" \/>\n<meta property=\"og:title\" content=\"Pol\u00edtica de privacidad - Hostal Olimpia\" \/>\n<meta property=\"og:description\" content=\"Pol\u00edtica de privacidad y Aviso legal de la p\u00e1gina web del Hostal Olimpia de Castelldefels.\" \/>\n<meta property=\"og:url\" content=\"https:\/\/www.hostalcastelldefels.com\/es\/politica-de-privacidad\/\" \/>\n<meta property=\"og:site_name\" content=\"Hostal Olimpia\" \/>\n<meta property=\"article:modified_time\" content=\"2024-09-12T14:41:51+00:00\" \/>\n<meta name=\"twitter:card\" content=\"summary_large_image\" \/>\n<meta name=\"twitter:label1\" content=\"Tiempo de lectura\" \/>\n\t<meta name=\"twitter:data1\" content=\"10 minutos\" \/>\n<script type=\"application\/ld+json\" class=\"yoast-schema-graph\">{\"@context\":\"https:\/\/schema.org\",\"@graph\":[{\"@type\":\"WebPage\",\"@id\":\"https:\/\/www.hostalcastelldefels.com\/es\/politica-de-privacidad\/\",\"url\":\"https:\/\/www.hostalcastelldefels.com\/es\/politica-de-privacidad\/\",\"name\":\"Pol\u00edtica de privacidad - Hostal Olimpia\",\"isPartOf\":{\"@id\":\"https:\/\/www.hostalcastelldefels.com\/es\/#website\"},\"datePublished\":\"2024-06-13T19:36:19+00:00\",\"dateModified\":\"2024-09-12T14:41:51+00:00\",\"description\":\"Pol\u00edtica de privacidad y Aviso legal de la p\u00e1gina web del Hostal Olimpia de Castelldefels.\",\"breadcrumb\":{\"@id\":\"https:\/\/www.hostalcastelldefels.com\/es\/politica-de-privacidad\/#breadcrumb\"},\"inLanguage\":\"es\",\"potentialAction\":[{\"@type\":\"ReadAction\",\"target\":[\"https:\/\/www.hostalcastelldefels.com\/es\/politica-de-privacidad\/\"]}]},{\"@type\":\"BreadcrumbList\",\"@id\":\"https:\/\/www.hostalcastelldefels.com\/es\/politica-de-privacidad\/#breadcrumb\",\"itemListElement\":[{\"@type\":\"ListItem\",\"position\":1,\"name\":\"Portada\",\"item\":\"https:\/\/www.hostalcastelldefels.com\/es\/el-hostal-de-castelldefels-que-te-sentiras-como-en-casa\/\"},{\"@type\":\"ListItem\",\"position\":2,\"name\":\"Pol\u00edtica de privacidad\"}]},{\"@type\":\"WebSite\",\"@id\":\"https:\/\/www.hostalcastelldefels.com\/es\/#website\",\"url\":\"https:\/\/www.hostalcastelldefels.com\/es\/\",\"name\":\"Hostal Olimpia\",\"description\":\"Allotjament a Castelldefels, a preus assequibles\",\"publisher\":{\"@id\":\"https:\/\/www.hostalcastelldefels.com\/es\/#organization\"},\"potentialAction\":[{\"@type\":\"SearchAction\",\"target\":{\"@type\":\"EntryPoint\",\"urlTemplate\":\"https:\/\/www.hostalcastelldefels.com\/es\/?s={search_term_string}\"},\"query-input\":{\"@type\":\"PropertyValueSpecification\",\"valueRequired\":true,\"valueName\":\"search_term_string\"}}],\"inLanguage\":\"es\"},{\"@type\":\"Organization\",\"@id\":\"https:\/\/www.hostalcastelldefels.com\/es\/#organization\",\"name\":\"Hostal Olimpia\",\"url\":\"https:\/\/www.hostalcastelldefels.com\/es\/\",\"logo\":{\"@type\":\"ImageObject\",\"inLanguage\":\"es\",\"@id\":\"https:\/\/www.hostalcastelldefels.com\/es\/#\/schema\/logo\/image\/\",\"url\":\"https:\/\/www.hostalcastelldefels.com\/wp-content\/uploads\/2024\/07\/LOGO-Hostal-Olimpia.png\",\"contentUrl\":\"https:\/\/www.hostalcastelldefels.com\/wp-content\/uploads\/2024\/07\/LOGO-Hostal-Olimpia.png\",\"width\":1984,\"height\":897,\"caption\":\"Hostal Olimpia\"},\"image\":{\"@id\":\"https:\/\/www.hostalcastelldefels.com\/es\/#\/schema\/logo\/image\/\"}}]}<\/script>\n<!-- \/ Yoast SEO plugin. -->","yoast_head_json":{"title":"Pol\u00edtica de privacidad - Hostal Olimpia","description":"Pol\u00edtica de privacidad y Aviso legal de la p\u00e1gina web del Hostal Olimpia de Castelldefels.","robots":{"index":"index","follow":"follow","max-snippet":"max-snippet:-1","max-image-preview":"max-image-preview:large","max-video-preview":"max-video-preview:-1"},"canonical":"https:\/\/www.hostalcastelldefels.com\/es\/politica-de-privacidad\/","og_locale":"es_ES","og_type":"article","og_title":"Pol\u00edtica de privacidad - Hostal Olimpia","og_description":"Pol\u00edtica de privacidad y Aviso legal de la p\u00e1gina web del Hostal Olimpia de Castelldefels.","og_url":"https:\/\/www.hostalcastelldefels.com\/es\/politica-de-privacidad\/","og_site_name":"Hostal Olimpia","article_modified_time":"2024-09-12T14:41:51+00:00","twitter_card":"summary_large_image","twitter_misc":{"Tiempo de lectura":"10 minutos"},"schema":{"@context":"https:\/\/schema.org","@graph":[{"@type":"WebPage","@id":"https:\/\/www.hostalcastelldefels.com\/es\/politica-de-privacidad\/","url":"https:\/\/www.hostalcastelldefels.com\/es\/politica-de-privacidad\/","name":"Pol\u00edtica de privacidad - Hostal Olimpia","isPartOf":{"@id":"https:\/\/www.hostalcastelldefels.com\/es\/#website"},"datePublished":"2024-06-13T19:36:19+00:00","dateModified":"2024-09-12T14:41:51+00:00","description":"Pol\u00edtica de privacidad y Aviso legal de la p\u00e1gina web del Hostal Olimpia de Castelldefels.","breadcrumb":{"@id":"https:\/\/www.hostalcastelldefels.com\/es\/politica-de-privacidad\/#breadcrumb"},"inLanguage":"es","potentialAction":[{"@type":"ReadAction","target":["https:\/\/www.hostalcastelldefels.com\/es\/politica-de-privacidad\/"]}]},{"@type":"BreadcrumbList","@id":"https:\/\/www.hostalcastelldefels.com\/es\/politica-de-privacidad\/#breadcrumb","itemListElement":[{"@type":"ListItem","position":1,"name":"Portada","item":"https:\/\/www.hostalcastelldefels.com\/es\/el-hostal-de-castelldefels-que-te-sentiras-como-en-casa\/"},{"@type":"ListItem","position":2,"name":"Pol\u00edtica de privacidad"}]},{"@type":"WebSite","@id":"https:\/\/www.hostalcastelldefels.com\/es\/#website","url":"https:\/\/www.hostalcastelldefels.com\/es\/","name":"Hostal Olimpia","description":"Allotjament a Castelldefels, a preus assequibles","publisher":{"@id":"https:\/\/www.hostalcastelldefels.com\/es\/#organization"},"potentialAction":[{"@type":"SearchAction","target":{"@type":"EntryPoint","urlTemplate":"https:\/\/www.hostalcastelldefels.com\/es\/?s={search_term_string}"},"query-input":{"@type":"PropertyValueSpecification","valueRequired":true,"valueName":"search_term_string"}}],"inLanguage":"es"},{"@type":"Organization","@id":"https:\/\/www.hostalcastelldefels.com\/es\/#organization","name":"Hostal Olimpia","url":"https:\/\/www.hostalcastelldefels.com\/es\/","logo":{"@type":"ImageObject","inLanguage":"es","@id":"https:\/\/www.hostalcastelldefels.com\/es\/#\/schema\/logo\/image\/","url":"https:\/\/www.hostalcastelldefels.com\/wp-content\/uploads\/2024\/07\/LOGO-Hostal-Olimpia.png","contentUrl":"https:\/\/www.hostalcastelldefels.com\/wp-content\/uploads\/2024\/07\/LOGO-Hostal-Olimpia.png","width":1984,"height":897,"caption":"Hostal Olimpia"},"image":{"@id":"https:\/\/www.hostalcastelldefels.com\/es\/#\/schema\/logo\/image\/"}}]}},"_links":{"self":[{"href":"https:\/\/www.hostalcastelldefels.com\/es\/wp-json\/wp\/v2\/pages\/224","targetHints":{"allow":["GET"]}}],"collection":[{"href":"https:\/\/www.hostalcastelldefels.com\/es\/wp-json\/wp\/v2\/pages"}],"about":[{"href":"https:\/\/www.hostalcastelldefels.com\/es\/wp-json\/wp\/v2\/types\/page"}],"author":[{"embeddable":true,"href":"https:\/\/www.hostalcastelldefels.com\/es\/wp-json\/wp\/v2\/users\/1"}],"replies":[{"embeddable":true,"href":"https:\/\/www.hostalcastelldefels.com\/es\/wp-json\/wp\/v2\/comments?post=224"}],"version-history":[{"count":1,"href":"https:\/\/www.hostalcastelldefels.com\/es\/wp-json\/wp\/v2\/pages\/224\/revisions"}],"predecessor-version":[{"id":225,"href":"https:\/\/www.hostalcastelldefels.com\/es\/wp-json\/wp\/v2\/pages\/224\/revisions\/225"}],"wp:attachment":[{"href":"https:\/\/www.hostalcastelldefels.com\/es\/wp-json\/wp\/v2\/media?parent=224"}],"curies":[{"name":"wp","href":"https:\/\/api.w.org\/{rel}","templated":true}]}}